{"id":1057,"date":"2021-05-26T00:17:56","date_gmt":"2021-07-29T02:38:16","guid":{"rendered":"https:\/\/massoguide.com\/product\/massage-techniques-to-relieve-muscle-tension-ebook\/"},"modified":"2022-01-22T22:33:04","modified_gmt":"2022-01-23T03:33:04","slug":"massage-techniques-to-relieve-muscle-tension-ebook","status":"publish","type":"product","link":"https:\/\/massoguide.com\/en\/product\/massage-techniques-to-relieve-muscle-tension-ebook\/","title":{"rendered":"Massage techniques to relieve muscle tension (Paper + eBook)"},"content":{"rendered":"<div style=\"gap: 20px;\" class=\"align-button-center ub-buttons orientation-button-row ub-flex-wrap wp-block-ub-button\" id=\"ub-button-6b11b5d8-4b4b-4228-aa3c-35b1620a2862\"><div class=\"ub-button-container\">\n\t\t\t<a href=\"https:\/\/amzn.to\/3Cc3l4Z%20\" target=\"_blank\" rel=\"noopener noreferrer nofollow\" class=\"ub-button-block-main   ub-button-flex\" role=\"button\" style=\"--ub-button-background-color: #313131; --ub-button-color: #ffffff; --ub-button-border: none; --ub-button-hover-background-color: #313131; --ub-button-hover-color: #ffffff; --ub-button-hover-border: none; padding-top: 10px; padding-right: 10px; padding-bottom: 10px; padding-left: 10px; border-radius: 37px; \">\n\t\t\t\t<div class=\"ub-button-content-holder\" style=\"flex-direction: row\">\n\t\t\t\t\t<span class=\"ub-button-icon-holder\">\n\t\t\t\t<svg xmlns=\"http:\/\/www.w3.org\/2000\/svg\" height=\"30\" width=\"30\" viewbox=\"0 0 448 512\">\n\t\t\t\t\t<path fill=\"currentColor\" d=\"M257.2 162.7c-48.7 1.8-169.5 15.5-169.5 117.5 0 109.5 138.3 114 183.5 43.2 6.5 10.2 35.4 37.5 45.3 46.8l56.8-56S341 288.9 341 261.4V114.3C341 89 316.5 32 228.7 32 140.7 32 94 87 94 136.3l73.5 6.8c16.3-49.5 54.2-49.5 54.2-49.5 40.7-.1 35.5 29.8 35.5 69.1zm0 86.8c0 80-84.2 68-84.2 17.2 0-47.2 50.5-56.7 84.2-57.8v40.6zm136 163.5c-7.7 10-70 67-174.5 67S34.2 408.5 9.7 379c-6.8-7.7 1-11.3 5.5-8.3C88.5 415.2 203 488.5 387.7 401c7.5-3.7 13.3 2 5.5 12zm39.8 2.2c-6.5 15.8-16 26.8-21.2 31-5.5 4.5-9.5 2.7-6.5-3.8s19.3-46.5 12.7-55c-6.5-8.3-37-4.3-48-3.2-10.8 1-13 2-14-.3-2.3-5.7 21.7-15.5 37.5-17.5 15.7-1.8 41-.8 46 5.7 3.7 5.1 0 27.1-6.5 43.1z\">\n\t\t\t\t<\/path><\/svg>\n\t\t\t<\/span><span class=\"ub-button-block-btn\">Amazon<\/span>\n\t\t\t\t<\/div>\n\t\t\t<\/a>\n\t\t<\/div><div class=\"ub-button-container\">\n\t\t\t<a href=\"https:\/\/books.apple.com\/us\/book\/massage-techniques-to-relieve-muscle-tension\/id1604411742?itsct=books_box_link&amp;itscg=30200&amp;ls=1&amp;at=1000l38EC&amp;ct=mg\" target=\"_blank\" rel=\"noopener noreferrer nofollow\" class=\"ub-button-block-main   ub-button-flex\" role=\"button\" style=\"--ub-button-background-color: #313131; --ub-button-color: #ffffff; --ub-button-border: none; --ub-button-hover-background-color: #313131; --ub-button-hover-color: #ffffff; --ub-button-hover-border: none; padding-top: 10px; padding-right: 10px; padding-bottom: 10px; padding-left: 10px; border-radius: 60px; \">\n\t\t\t\t<div class=\"ub-button-content-holder\" style=\"flex-direction: row\">\n\t\t\t\t\t<span class=\"ub-button-icon-holder\">\n\t\t\t\t<svg xmlns=\"http:\/\/www.w3.org\/2000\/svg\" height=\"30\" width=\"30\" viewbox=\"0 0 384 512\">\n\t\t\t\t\t<path fill=\"currentColor\" d=\"M318.7 268.7c-.2-36.7 16.4-64.4 50-84.8-18.8-26.9-47.2-41.7-84.7-44.6-35.5-2.8-74.3 20.7-88.5 20.7-15 0-49.4-19.7-76.4-19.7C63.3 141.2 4 184.8 4 273.5q0 39.3 14.4 81.2c12.8 36.7 59 126.7 107.2 125.2 25.2-.6 43-17.9 75.8-17.9 31.8 0 48.3 17.9 76.4 17.9 48.6-.7 90.4-82.5 102.6-119.3-65.2-30.7-61.7-90-61.7-91.9zm-56.6-164.2c27.3-32.4 24.8-61.9 24-72.5-24.1 1.4-52 16.4-67.9 34.9-17.5 19.8-27.8 44.3-25.6 71.9 26.1 2 49.9-11.4 69.5-34.3z\">\n\t\t\t\t<\/path><\/svg>\n\t\t\t<\/span><span class=\"ub-button-block-btn\">Apple Books<\/span>\n\t\t\t\t<\/div>\n\t\t\t<\/a>\n\t\t<\/div><div class=\"ub-button-container\">\n\t\t\t<a href=\"https:\/\/play.google.com\/store\/books\/details?id=4LRZEAAAQBAJ\" target=\"_blank\" rel=\"noopener noreferrer nofollow\" class=\"ub-button-block-main   ub-button-flex\" role=\"button\" style=\"--ub-button-background-color: #313131; --ub-button-color: #ffffff; --ub-button-border: none; --ub-button-hover-background-color: #313131; --ub-button-hover-color: #ffffff; --ub-button-hover-border: none; padding-top: 10px; padding-right: 10px; padding-bottom: 10px; padding-left: 10px; border-radius: 60px; \">\n\t\t\t\t<div class=\"ub-button-content-holder\" style=\"flex-direction: row\">\n\t\t\t\t\t<span class=\"ub-button-icon-holder\">\n\t\t\t\t<svg xmlns=\"http:\/\/www.w3.org\/2000\/svg\" height=\"30\" width=\"30\" viewbox=\"0 0 488 512\">\n\t\t\t\t\t<path fill=\"currentColor\" d=\"M488 261.8C488 403.3 391.1 504 248 504 110.8 504 0 393.2 0 256S110.8 8 248 8c66.8 0 123 24.5 166.3 64.9l-67.5 64.9C258.5 52.6 94.3 116.6 94.3 256c0 86.5 69.1 156.6 153.7 156.6 98.2 0 135-70.4 140.8-106.9H248v-85.3h236.1c2.3 12.7 3.9 24.9 3.9 41.4z\">\n\t\t\t\t<\/path><\/svg>\n\t\t\t<\/span><span class=\"ub-button-block-btn\">Google Play<\/span>\n\t\t\t\t<\/div>\n\t\t\t<\/a>\n\t\t<\/div><div class=\"ub-button-container\">\n\t\t\t<a href=\"http:\/\/www.kobobooks.com\/search\/search.html?q=9781990512162\" target=\"_blank\" rel=\"noopener noreferrer nofollow\" class=\"ub-button-block-main   ub-button-flex\" role=\"button\" style=\"--ub-button-background-color: #313131; --ub-button-color: #ffffff; --ub-button-border: none; --ub-button-hover-background-color: #313131; --ub-button-hover-color: #ffffff; --ub-button-hover-border: none; padding-top: 10px; padding-right: 10px; padding-bottom: 10px; padding-left: 10px; border-radius: 60px; \">\n\t\t\t\t<div class=\"ub-button-content-holder\" style=\"flex-direction: row\">\n\t\t\t\t\t<span class=\"ub-button-block-btn\">Kobo<\/span>\n\t\t\t\t<\/div>\n\t\t\t<\/a>\n\t\t<\/div><div class=\"ub-button-container\">\n\t\t\t<a href=\"https:\/\/www.barnesandnoble.com\/w\/massage-techniques-to-relieve-muscle-tension-maxime-marois\/1140905360?ean=2940160767130\" target=\"_blank\" rel=\"noopener noreferrer nofollow\" class=\"ub-button-block-main   ub-button-flex\" role=\"button\" style=\"--ub-button-background-color: #313131; --ub-button-color: #ffffff; --ub-button-border: none; --ub-button-hover-background-color: #313131; --ub-button-hover-color: #ffffff; --ub-button-hover-border: none; padding-top: 10px; padding-right: 10px; padding-bottom: 10px; padding-left: 10px; border-radius: 60px; \">\n\t\t\t\t<div class=\"ub-button-content-holder\" style=\"flex-direction: row\">\n\t\t\t\t\t<span class=\"ub-button-block-btn\">Nook<\/span>\n\t\t\t\t<\/div>\n\t\t\t<\/a>\n\t\t<\/div><\/div>\r\n<p style=\"text-align: center;\"><a href=\"https:\/\/massoguide.com\/en\/affiliate-links\/\" target=\"_blank\" rel=\"noreferrer noopener\" data-type=\"URL\" data-id=\"https:\/\/massoguide.com\/liens-affilies\/\">Affiliate links<\/a><\/p>\r\n<p><\/p>\r\n<h6 class=\"wp-block-heading\"><strong>About the author<\/strong><\/h6>\r\n<p><\/p>\r\n<p><\/p>\r\n<p>Maxime Marois, a massage therapist, began studying massage therapy after a work injury that required him to seek the help of a physiotherapist. After multiple months of treatment, an interest in understanding the sources of his tensions and his aches developed. It rapidly evolved into a desire to be able to help himself in between the physio visits. This led him to begin a massage course. Apr\u00e8s plusieurs mois de traitement, une envie de comprendre la source de ses tensions et de ses douleurs s\u2019est install\u00e9e. Celle-ci a \u00e9volu\u00e9 vers un d\u00e9sir d\u2019\u00eatre capable de se soulager lui-m\u00eame ce qui le conduira \u00e0 entreprendre un cours de massoth\u00e9rapie.<\/p>\r\n<p><\/p>\r\n<p><\/p>\r\n<p>Cet int\u00e9r\u00eat \u00e0 comprendre la source des tensions et les moyens de les r\u00e9duire ou de les \u00e9liminer est rest\u00e9e avec lui tout au long de sa carri\u00e8re. C\u2019est en remarquant les tensions ressenties et ce que ses clients lui rapportaient qu\u2019il a commenc\u00e9 \u00e0 faire un lien entre les tensions et les postures. Pour aider ses clients entre leurs s\u00e9ances de massage, il s\u2019est engag\u00e9 envers eux en leur offrant des conseils d\u2019auto-massage qui ont rapidement port\u00e9 fruit.<\/p>\r\n<p><\/p>\r\n<p><\/p>\r\n<p>This knowledge helped him associate the most tensed or sore muscles to the best tools to relax them and the most useful self-massage methods and offer this knowledge to the greater public so that they too can benefit and ease their tensions.<\/p>\r\n<p>&nbsp;<\/p>\r\n<p><\/p>","protected":false},"excerpt":{"rendered":"<p>You might wonder where to look when massaging a client with sore muscles.<\/p>\n<p>Maxime Marois, a massage therapist, offers you a simple and straightforward collection of knowledge and techniques to release tensed muscles.<\/p>\n<p>This book, accessible to all, is filled with beautiful illustrations detailing every step to follow to help you reach the best results possible.<\/p>\n","protected":false},"featured_media":1452,"comment_status":"open","ping_status":"closed","template":"","meta":{"_glsr_average":0,"_glsr_ranking":0,"_glsr_reviews":0},"product_brand":[],"product_cat":[70,69],"product_tag":[75,74],"class_list":{"0":"post-1057","1":"product","2":"type-product","3":"status-publish","4":"has-post-thumbnail","6":"product_cat-guides-en","7":"product_cat-massage-therapist","8":"product_tag-english","9":"product_tag-maxime-marois-en","10":"post-wrapper","11":"thrv_wrapper","13":"first","14":"instock","15":"downloadable","16":"virtual","17":"taxable","18":"product-type-simple"},"_links":{"self":[{"href":"https:\/\/massoguide.com\/en\/wp-json\/wp\/v2\/product\/1057","targetHints":{"allow":["GET"]}}],"collection":[{"href":"https:\/\/massoguide.com\/en\/wp-json\/wp\/v2\/product"}],"about":[{"href":"https:\/\/massoguide.com\/en\/wp-json\/wp\/v2\/types\/product"}],"replies":[{"embeddable":true,"href":"https:\/\/massoguide.com\/en\/wp-json\/wp\/v2\/comments?post=1057"}],"wp:featuredmedia":[{"embeddable":true,"href":"https:\/\/massoguide.com\/en\/wp-json\/wp\/v2\/media\/1452"}],"wp:attachment":[{"href":"https:\/\/massoguide.com\/en\/wp-json\/wp\/v2\/media?parent=1057"}],"wp:term":[{"taxonomy":"product_brand","embeddable":true,"href":"https:\/\/massoguide.com\/en\/wp-json\/wp\/v2\/product_brand?post=1057"},{"taxonomy":"product_cat","embeddable":true,"href":"https:\/\/massoguide.com\/en\/wp-json\/wp\/v2\/product_cat?post=1057"},{"taxonomy":"product_tag","embeddable":true,"href":"https:\/\/massoguide.com\/en\/wp-json\/wp\/v2\/product_tag?post=1057"}],"curies":[{"name":"wp","href":"https:\/\/api.w.org\/{rel}","templated":true}]}}